{"id":8,"date":"2020-07-30T09:26:39","date_gmt":"2020-07-30T09:26:39","guid":{"rendered":"https:\/\/fuchsbau-buch.de\/?page_id=8"},"modified":"2022-10-18T12:12:52","modified_gmt":"2022-10-18T12:12:52","slug":"im-fuchsbau-hinten-links-das-buch","status":"publish","type":"page","link":"https:\/\/fuchsbau-buch.de\/","title":{"rendered":"Im Fuchsbau Hinten Links &#8211; Das Buch"},"content":{"rendered":"<p style=\"text-align: center;\">Wil<span>lkommen in Ihrem Fuchsba<\/span>u!<\/p>\n<p style=\"text-align: center;\">Fuchsen Sie sich rein und lernen Sie sich noch besser kennen<\/p>\n<p><span><img decoding=\"async\" alt=\"Im Fuchsbau Hinten Links\" data-id=\"10\" width=\"351\" data-init-width=\"623\" height=\"507\" data-init-height=\"901\" title=\"\" loading=\"lazy\" src=\"https:\/\/fuchsbau-buch.de\/wp-content\/uploads\/2020\/07\/buch-3D.png\" data-width=\"351\" data-height=\"507\"><\/span><\/p>\n<p style=\"\"><strong><strong>Dieses Buch ist eine Einladung<\/strong>&nbsp;<\/strong><\/p>\n<p style=\"\"><span style=\"font-size: 16px; font-family: &quot;Hind (local)&quot;;\">Treten Sie in einen heiteren Dialog mit Ihren inneren Anteilen, die Sie von au\u00dfen in Ihren Kindheitstagen gepr\u00e4gt haben.&nbsp;<\/span><\/p>\n<p style=\"\"><span style=\"font-family: 'Hind (local)';\"><span style=\"font-size: 16px;\">Welche Einfl\u00fcsterer aus dem Familiensystem oder Ihrer realen Umgebung formen Ihre inneren Rollenbilder, Werte und Normen? <\/span><\/span><\/p>\n<p style=\"\"><span style=\"font-family: 'Hind (local)';\"><span style=\"font-size: 16px;\">Lernen Sie, diese als Ressource f\u00fcr eine kraftvolle Lebensf\u00fchrung zu nutzen oder aber auch achtsam zu ver\u00e4ndern. &nbsp;<\/span><\/span><\/p>\n<p style=\"\"><span style=\"font-size: 16px; font-family: &quot;Hind (local)&quot;;\">Versprochen: Es gibt so manche angenehme \u00dcberraschung &#8211; im Fuchsbau hinten links.<\/span><\/p>\n<p style=\"\">\n<p style=\"\"><strong><span style=\"font-family: 'Hind (local)';\">\u00dcber die Autorin<\/span><\/strong><\/p>\n<p style=\"\"><span style=\"font-family: 'Hind (local)';\">Sabine Maas ist seit 30 Jahren als Unternehmerin t\u00e4tig.<\/span><\/p>\n<p style=\"\"><span style=\"font-family: 'Hind (local)';\">Mit \u201eILAC Consulting \u2013 Inspiring Leadership and Change\u201c hat sie 2019 mit erfahrenen KollegInnen eine Beratung gegr\u00fcndet, die EntscheiderInnen in ihrer unternehmerischen Ausrichtung ber\u00e4t und ein verhaltensorientiertes Management st\u00e4rkt.<\/span><\/p>\n<p style=\"\">\n<p><span><img decoding=\"async\" alt=\"Sabine Maas Im Fuchsbau Hinten Links\" data-id=\"13\" width=\"351\" data-init-width=\"386\" height=\"533\" data-init-height=\"587\" title=\"Sabine Autorenbild\" loading=\"lazy\" src=\"https:\/\/fuchsbau-buch.de\/wp-content\/uploads\/2020\/07\/Sabine-Autorenbild.png\" data-width=\"351\" data-height=\"533\" style=\"\"><\/span><\/p>\n<p style=\"text-align: center;\">Foto: Birgitta Petershagen<\/p>\n<p style=\"text-align: center;\"><em>Mit Beitr\u00e4gen von Emanuela De Luca, Johanna Froese, Katrin Grolig, Gesche Heidemann, Ann-Katrin Heinzelmann, Nida Kilic, Miriam Linke, Lilly Maas, Viktor Maas, Miriam Traunfelder.<\/em><\/p>\n<p><span><img decoding=\"async\" alt=\"Im Fuchsbau hinten links\" data-id=\"44\" width=\"264\" data-init-width=\"800\" height=\"182\" data-init-height=\"553\" title=\"F-energetisch Kopie\" loading=\"lazy\" src=\"https:\/\/fuchsbau-buch.de\/wp-content\/uploads\/2020\/08\/F-energetisch-Kopie.png\" data-width=\"264\" data-height=\"182\" style=\"\"><\/span><\/p>\n<p style=\"text-align: center;\"><span style=\"font-size: 16px;\">Mit Illustrationen von Henning L\u00f6hlein, Bristol.<\/span><\/p>\n<p style=\"text-align: center;\"><strong><span style=\"font-family: &quot;Hind (local)&quot;;\">Sie wollen noch tiefer einsteigen?<\/span><\/strong><\/p>\n<p style=\"text-align: center;\"><span style=\"font-size: 18px; font-family: &quot;Hind (local)&quot;;\">Erfahren Sie, welche Ihrer Pr\u00e4gungen Sie bisher davon abgehalten haben, beruflich oder privat ihr Potential voll zu entfalten und wie Sie das ver\u00e4ndern k\u00f6nnen.<\/span><\/p>\n<p style=\"text-align: center;\"><span style=\"font-size: 18px; font-family: &quot;Hind (local)&quot;;\">Unter der Marke \u201eFuchsbau-Seminar\u201c bieten wir Ihnen Seminare und Einzelcoachings an, die sie darin unterst\u00fctzen, sich besser kennen zu lernen und neue Handlungsr\u00e4ume zu erschliessen.<\/span><\/p>\n<p style=\"text-align: center;\">\n<p style=\"text-align: center;\"><a href=\"http:\/\/www.fuchsbau-seminar.de\" target=\"_blank\" style=\"outline: none;\" rel=\"noopener noreferrer\"><span style=\"font-size: 18px;\">www.fuchsbau-seminar.de<\/span><\/a><\/p>\n<p><span><img decoding=\"async\" alt=\"\" data-id=\"29\" width=\"116\" data-init-width=\"800\" height=\"139\" data-init-height=\"957\" title=\"oeverbos logo\" loading=\"lazy\" src=\"https:\/\/fuchsbau-buch.de\/wp-content\/uploads\/2020\/08\/oeverbos-logo.png\" data-width=\"116\" data-height=\"139\" style=\"\"><\/span><\/p>\n<p style=\"text-align: center;\"><strong><span style=\"font-size: 15px; font-family: &quot;Hind (local)&quot;;\">Wir schreiben Geschichte!<\/span><\/strong><\/p>\n<p style=\"text-align: center;\">\n<p style=\"text-align: center;\"><span style=\"font-size: 15px;\"><span style=\"font-family: 'Hind (local)';\">Oeverbos ist ein Verlag f\u00fcr anspruchsvolle Literatur mit historischem Bezug. Bei Oeverbos erscheinen historische Romane, zeitgen\u00f6ssische Romane mit inhaltlicher Verbindung zu pers\u00f6nlichen oder historischen Wurzeln sowie Sachb\u00fccher.<\/span><\/span><\/p>\n<p style=\"text-align: center;\"><span style=\"font-family: 'Hind (local)';\"><span style=\"font-size: 15px;\">Oeverbos bietet auch kosteng\u00fcnstiges Autorencoaching und ein Forum f\u00fcr Verlagsautoren. Der Verlag arbeitet mit seinen Autoren intensiv bei Manuskriptentwicklung und Marketing zusammen.<\/span><\/span><\/p>\n<p style=\"text-align: center;\"><span style=\"font-family: 'Hind (local)';\"><span style=\"font-size: 15px;\">Die Schreibseminare sind offen f\u00fcr jedermann und bieten Gelegenheit, von den Erfahrungen anderer zu profitieren und die eigene Lust am Schreiben auszuprobieren.<\/span><\/span><\/p>\n<p style=\"text-align: center;\"><span style=\"font-family: 'Hind (local)';\"><span style=\"font-size: 15px;\"><\/span><\/span><\/p>\n<p style=\"text-align: center;\"><span style=\"font-family: 'Hind (local)';\"><span style=\"font-size: 15px;\">Website mit Neuigkeiten, Seminarangeboten und Buchshop unter<\/span><\/span><\/p>\n<p style=\"text-align: center;\"><a href=\"http:\/\/www.-oeverbos-verlag.de\" style=\"outline: none;\"><span style=\"font-size: 15px; font-family: &quot;Hind (local)&quot;;\">www.oeverbos-verlag.de<\/span><\/a><\/p>\n<p style=\"text-align: center;\"><span style=\"\">\u00a9 2020 ILAC Consulting GmbH &nbsp; | &nbsp; &nbsp;<\/span><a href=\"https:\/\/ilac-consulting.com\/impressum\/\" target=\"_blank\" style=\"outline: none;\" rel=\"noopener noreferrer\"><span style=\"\">Impressum<\/span><\/a><span style=\"\">&nbsp; &nbsp; | &nbsp; &nbsp;<\/span><a href=\"https:\/\/ilac-consulting.com\/datenschutz\/\" target=\"_blank\" style=\"outline: none;\" rel=\"noopener noreferrer\"><span style=\"\">Datenschutz<\/span><\/a><\/p>\n","protected":false},"excerpt":{"rendered":"<p>Willkommen in Ihrem Fuchsbau! Fuchsen Sie sich rein und lernen Sie sich noch besser kennen Dieses Buch ist eine Einladung&nbsp; Treten Sie in einen heiteren Dialog mit Ihren inneren Anteilen, die Sie von au\u00dfen in Ihren Kindheitstagen gepr\u00e4gt haben.&nbsp; Welche Einfl\u00fcsterer aus dem Familiensystem oder Ihrer realen Umgebung formen Ihre inneren Rollenbilder, Werte und Normen? [&hellip;]<\/p>\n","protected":false},"author":1,"featured_media":0,"parent":0,"menu_order":0,"comment_status":"closed","ping_status":"closed","template":"","meta":{"footnotes":""},"_links":{"self":[{"href":"https:\/\/fuchsbau-buch.de\/index.php\/wp-json\/wp\/v2\/pages\/8"}],"collection":[{"href":"https:\/\/fuchsbau-buch.de\/index.php\/wp-json\/wp\/v2\/pages"}],"about":[{"href":"https:\/\/fuchsbau-buch.de\/index.php\/wp-json\/wp\/v2\/types\/page"}],"author":[{"embeddable":true,"href":"https:\/\/fuchsbau-buch.de\/index.php\/wp-json\/wp\/v2\/users\/1"}],"replies":[{"embeddable":true,"href":"https:\/\/fuchsbau-buch.de\/index.php\/wp-json\/wp\/v2\/comments?post=8"}],"version-history":[{"count":57,"href":"https:\/\/fuchsbau-buch.de\/index.php\/wp-json\/wp\/v2\/pages\/8\/revisions"}],"predecessor-version":[{"id":83,"href":"https:\/\/fuchsbau-buch.de\/index.php\/wp-json\/wp\/v2\/pages\/8\/revisions\/83"}],"wp:attachment":[{"href":"https:\/\/fuchsbau-buch.de\/index.php\/wp-json\/wp\/v2\/media?parent=8"}],"curies":[{"name":"wp","href":"https:\/\/api.w.org\/{rel}","templated":true}]}}